{"id":168,"date":"2014-10-30T16:46:21","date_gmt":"2014-10-30T16:46:21","guid":{"rendered":"http:\/\/www.savingbrainsinnovation.net\/fr-ca\/?page_id=168"},"modified":"2016-06-02T19:08:48","modified_gmt":"2016-06-02T19:08:48","slug":"partenaires","status":"publish","type":"page","link":"https:\/\/www.savingbrainsinnovation.net\/fr-ca\/partenaires\/","title":{"rendered":"Partenaires"},"content":{"rendered":"<p>Sauver des cerveaux est un partenariat de Grands D\u00e9fis Canada (financ\u00e9 par le gouvernement du Canada), la Fondation Aga Khan Canada, la Fondation Bernard van Leer, la Fondation Bill &amp; Melinda Gates, la Fondation ELMA, Grands D\u00e9fis \u00c9thiopie, la Fondation Maria Cecilia Souto Vidigal, la Fondation Palix, la Fondation UBS Optimus, et Vision Mondiale Canada. Le partenariat recherche et appuie des id\u00e9es audacieuses portant sur des produits, des services et des mod\u00e8les de mise en \u0153uvre qui prot\u00e8gent et favorisent le d\u00e9veloppement pr\u00e9coce du cerveau au sein des populations pauvres et marginalis\u00e9es des pays \u00e0 revenu faible ou interm\u00e9diaire.<\/p>\n","protected":false},"excerpt":{"rendered":"<p>Sauver des cerveaux est un partenariat de Grands D\u00e9fis Canada (financ\u00e9 par le gouvernement du Canada), la Fondation Aga Khan Canada, la Fondation Bernard van Leer, la Fondation Bill &amp; Melinda Gates, la Fondation ELMA, Grands D\u00e9fis \u00c9thiopie, la Fondation Maria Cecilia Souto Vidigal, la Fondation Palix, la Fondation UBS Optimus, et Vision Mondiale Canada. [&hellip;]<\/p>\n","protected":false},"author":2,"featured_media":0,"parent":0,"menu_order":0,"comment_status":"open","ping_status":"open","template":"","meta":{"footnotes":""},"class_list":["post-168","page","type-page","status-publish","hentry"],"_links":{"self":[{"href":"https:\/\/www.savingbrainsinnovation.net\/fr-ca\/wp-json\/wp\/v2\/pages\/168","targetHints":{"allow":["GET"]}}],"collection":[{"href":"https:\/\/www.savingbrainsinnovation.net\/fr-ca\/wp-json\/wp\/v2\/pages"}],"about":[{"href":"https:\/\/www.savingbrainsinnovation.net\/fr-ca\/wp-json\/wp\/v2\/types\/page"}],"author":[{"embeddable":true,"href":"https:\/\/www.savingbrainsinnovation.net\/fr-ca\/wp-json\/wp\/v2\/users\/2"}],"replies":[{"embeddable":true,"href":"https:\/\/www.savingbrainsinnovation.net\/fr-ca\/wp-json\/wp\/v2\/comments?post=168"}],"version-history":[{"count":0,"href":"https:\/\/www.savingbrainsinnovation.net\/fr-ca\/wp-json\/wp\/v2\/pages\/168\/revisions"}],"wp:attachment":[{"href":"https:\/\/www.savingbrainsinnovation.net\/fr-ca\/wp-json\/wp\/v2\/media?parent=168"}],"curies":[{"name":"wp","href":"https:\/\/api.w.org\/{rel}","templated":true}]}}